{"id":70,"date":"2017-09-21T15:53:23","date_gmt":"2017-09-21T13:53:23","guid":{"rendered":"https:\/\/frenkel-associes.fr\/new\/?page_id=70"},"modified":"2018-05-11T14:24:17","modified_gmt":"2018-05-11T12:24:17","slug":"mentions-legales","status":"publish","type":"page","link":"https:\/\/frenkel-associes.fr\/en\/mentions-legales\/","title":{"rendered":"(Fran\u00e7ais) Mentions L\u00e9gales"},"content":{"rendered":"<p class=\"qtranxs-available-languages-message qtranxs-available-languages-message-en\">Sorry, this entry is only available in <a href=\"https:\/\/frenkel-associes.fr\/fr\/wp-json\/wp\/v2\/pages\/70\" class=\"qtranxs-available-language-link qtranxs-available-language-link-fr\" title=\"Fran\u00e7ais\">French<\/a>.<\/p><p><\/p>\n<h2><strong>EDITEUR<\/strong><\/h2>\n<p>Frenkel &amp; Associ\u00e9s<br \/>\nSi\u00e8ge : 140, rue du Faubourg Saint-Honor\u00e9 &#8211; 75008 Paris<br \/>\nT\u00e9l. + 33 (0)1 42 25 88 88<br \/>\nDirecteur de Publication : Alain Frenkel<\/p>\n<h2>HEBERGEMENT<\/h2>\n<p>Ce site est h\u00e9berg\u00e9 par :<br \/>\nOVH SAS au capital de 10 000 000 \u20ac RCS Roubai<br \/>\nTourcoing 424 761 419 00045<br \/>\nCode APE 6202A &#8211; N\u00b0 TVA : FR 22 424 761 419<br \/>\nSi\u00e8ge social : 2 rue Kellermann 59100 Roubaix &#8211; France.<\/p>\n<p>&nbsp;<\/p>\n<h2>CONTACT<\/h2>\n<p>a.frenkel@taxlex.com<br \/>\nlew@taxlex.com<\/p>","protected":false},"excerpt":{"rendered":"<p>Sorry, this entry is only available in French. EDITEUR Frenkel &amp; Associ\u00e9s Si\u00e8ge : 140, rue du Faubourg Saint-Honor\u00e9 &#8211; 75008 Paris T\u00e9l. + 33 (0)1 42 25 88 88 Directeur de Publication : Alain Frenkel HEBERGEMENT Ce site est h\u00e9berg\u00e9 par : OVH SAS au capital de 10 000 000 \u20ac RCS Roubai Tourcoing [&hellip;]<\/p>\n","protected":false},"author":1,"featured_media":0,"parent":0,"menu_order":0,"comment_status":"closed","ping_status":"closed","template":"","meta":[],"acf":[],"yoast_head":"<!-- This site is optimized with the Yoast SEO plugin v20.6 - https:\/\/yoast.com\/wordpress\/plugins\/seo\/ -->\n<title>(Fran\u00e7ais) Mentions L\u00e9gales - Frenkel et Associ\u00e9s<\/title>\n<meta name=\"robots\" content=\"index, follow, max-snippet:-1, max-image-preview:large, max-video-preview:-1\" \/>\n<link rel=\"canonical\" href=\"https:\/\/frenkel-associes.fr\/en\/mentions-legales\/\" \/>\n<meta property=\"og:locale\" content=\"en_US\" \/>\n<meta property=\"og:type\" content=\"article\" \/>\n<meta property=\"og:title\" content=\"(Fran\u00e7ais) Mentions L\u00e9gales - Frenkel et Associ\u00e9s\" \/>\n<meta property=\"og:description\" content=\"Sorry, this entry is only available in French. EDITEUR Frenkel &amp; Associ\u00e9s Si\u00e8ge : 140, rue du Faubourg Saint-Honor\u00e9 &#8211; 75008 Paris T\u00e9l. + 33 (0)1 42 25 88 88 Directeur de Publication : Alain Frenkel HEBERGEMENT Ce site est h\u00e9berg\u00e9 par : OVH SAS au capital de 10 000 000 \u20ac RCS Roubai Tourcoing [&hellip;]\" \/>\n<meta property=\"og:url\" content=\"https:\/\/frenkel-associes.fr\/en\/mentions-legales\/\" \/>\n<meta property=\"og:site_name\" content=\"Frenkel et Associ\u00e9s\" \/>\n<meta property=\"article:modified_time\" content=\"2018-05-11T12:24:17+00:00\" \/>\n<meta property=\"og:image\" content=\"https:\/\/frenkel-associes.fr\/wp-content\/uploads\/2018\/05\/visuel-associe-full-1.jpg\" \/>\n\t<meta property=\"og:image:width\" content=\"1478\" \/>\n\t<meta property=\"og:image:height\" content=\"1000\" \/>\n\t<meta property=\"og:image:type\" content=\"image\/jpeg\" \/>\n<meta name=\"twitter:card\" content=\"summary_large_image\" \/>\n<script type=\"application\/ld+json\" class=\"yoast-schema-graph\">{\"@context\":\"https:\/\/schema.org\",\"@graph\":[{\"@type\":\"WebPage\",\"@id\":\"https:\/\/frenkel-associes.fr\/en\/mentions-legales\/\",\"url\":\"https:\/\/frenkel-associes.fr\/en\/mentions-legales\/\",\"name\":\"(Fran\u00e7ais) Mentions L\u00e9gales - Frenkel et Associ\u00e9s\",\"isPartOf\":{\"@id\":\"https:\/\/frenkel-associes.fr\/en\/#website\"},\"datePublished\":\"2017-09-21T13:53:23+00:00\",\"dateModified\":\"2018-05-11T12:24:17+00:00\",\"breadcrumb\":{\"@id\":\"https:\/\/frenkel-associes.fr\/en\/mentions-legales\/#breadcrumb\"},\"inLanguage\":\"en-US\",\"potentialAction\":[{\"@type\":\"ReadAction\",\"target\":[[\"https:\/\/frenkel-associes.fr\/en\/mentions-legales\/\"]]}]},{\"@type\":\"BreadcrumbList\",\"@id\":\"https:\/\/frenkel-associes.fr\/en\/mentions-legales\/#breadcrumb\",\"itemListElement\":[{\"@type\":\"ListItem\",\"position\":1,\"name\":\"Accueil\",\"item\":\"https:\/\/frenkel-associes.fr\/en\/\"},{\"@type\":\"ListItem\",\"position\":2,\"name\":\"Mentions L\u00e9gales\"}]},{\"@type\":\"WebSite\",\"@id\":\"https:\/\/frenkel-associes.fr\/en\/#website\",\"url\":\"https:\/\/frenkel-associes.fr\/en\/\",\"name\":\"Frenkel et Associ\u00e9s\",\"description\":\"Welcome to the official website of the law firm\",\"publisher\":{\"@id\":\"https:\/\/frenkel-associes.fr\/en\/#organization\"},\"potentialAction\":[{\"@type\":\"SearchAction\",\"target\":{\"@type\":\"EntryPoint\",\"urlTemplate\":\"https:\/\/frenkel-associes.fr\/en\/?s={search_term_string}\"},\"query-input\":\"required name=search_term_string\"}],\"inLanguage\":\"en-US\"},{\"@type\":\"Organization\",\"@id\":\"https:\/\/frenkel-associes.fr\/en\/#organization\",\"name\":\"Frenkel et Associ\u00e9s\",\"url\":\"https:\/\/frenkel-associes.fr\/en\/\",\"logo\":{\"@type\":\"ImageObject\",\"inLanguage\":\"en-US\",\"@id\":\"https:\/\/frenkel-associes.fr\/en\/#\/schema\/logo\/image\/\",\"url\":\"https:\/\/frenkel-associes.fr\/wp-content\/uploads\/2017\/09\/logo.png\",\"contentUrl\":\"https:\/\/frenkel-associes.fr\/wp-content\/uploads\/2017\/09\/logo.png\",\"width\":180,\"height\":155,\"caption\":\"Frenkel et Associ\u00e9s\"},\"image\":{\"@id\":\"https:\/\/frenkel-associes.fr\/en\/#\/schema\/logo\/image\/\"}}]}<\/script>\n<!-- \/ Yoast SEO plugin. -->","yoast_head_json":{"title":"(Fran\u00e7ais) Mentions L\u00e9gales - Frenkel et Associ\u00e9s","robots":{"index":"index","follow":"follow","max-snippet":"max-snippet:-1","max-image-preview":"max-image-preview:large","max-video-preview":"max-video-preview:-1"},"canonical":"https:\/\/frenkel-associes.fr\/en\/mentions-legales\/","og_locale":"en_US","og_type":"article","og_title":"(Fran\u00e7ais) Mentions L\u00e9gales - Frenkel et Associ\u00e9s","og_description":"Sorry, this entry is only available in French. EDITEUR Frenkel &amp; Associ\u00e9s Si\u00e8ge : 140, rue du Faubourg Saint-Honor\u00e9 &#8211; 75008 Paris T\u00e9l. + 33 (0)1 42 25 88 88 Directeur de Publication : Alain Frenkel HEBERGEMENT Ce site est h\u00e9berg\u00e9 par : OVH SAS au capital de 10 000 000 \u20ac RCS Roubai Tourcoing [&hellip;]","og_url":"https:\/\/frenkel-associes.fr\/en\/mentions-legales\/","og_site_name":"Frenkel et Associ\u00e9s","article_modified_time":"2018-05-11T12:24:17+00:00","og_image":[{"width":1478,"height":1000,"url":"https:\/\/frenkel-associes.fr\/wp-content\/uploads\/2018\/05\/visuel-associe-full-1.jpg","type":"image\/jpeg"}],"twitter_card":"summary_large_image","schema":{"@context":"https:\/\/schema.org","@graph":[{"@type":"WebPage","@id":"https:\/\/frenkel-associes.fr\/en\/mentions-legales\/","url":"https:\/\/frenkel-associes.fr\/en\/mentions-legales\/","name":"(Fran\u00e7ais) Mentions L\u00e9gales - Frenkel et Associ\u00e9s","isPartOf":{"@id":"https:\/\/frenkel-associes.fr\/en\/#website"},"datePublished":"2017-09-21T13:53:23+00:00","dateModified":"2018-05-11T12:24:17+00:00","breadcrumb":{"@id":"https:\/\/frenkel-associes.fr\/en\/mentions-legales\/#breadcrumb"},"inLanguage":"en-US","potentialAction":[{"@type":"ReadAction","target":[["https:\/\/frenkel-associes.fr\/en\/mentions-legales\/"]]}]},{"@type":"BreadcrumbList","@id":"https:\/\/frenkel-associes.fr\/en\/mentions-legales\/#breadcrumb","itemListElement":[{"@type":"ListItem","position":1,"name":"Accueil","item":"https:\/\/frenkel-associes.fr\/en\/"},{"@type":"ListItem","position":2,"name":"Mentions L\u00e9gales"}]},{"@type":"WebSite","@id":"https:\/\/frenkel-associes.fr\/en\/#website","url":"https:\/\/frenkel-associes.fr\/en\/","name":"Frenkel et Associ\u00e9s","description":"Welcome to the official website of the law firm","publisher":{"@id":"https:\/\/frenkel-associes.fr\/en\/#organization"},"potentialAction":[{"@type":"SearchAction","target":{"@type":"EntryPoint","urlTemplate":"https:\/\/frenkel-associes.fr\/en\/?s={search_term_string}"},"query-input":"required name=search_term_string"}],"inLanguage":"en-US"},{"@type":"Organization","@id":"https:\/\/frenkel-associes.fr\/en\/#organization","name":"Frenkel et Associ\u00e9s","url":"https:\/\/frenkel-associes.fr\/en\/","logo":{"@type":"ImageObject","inLanguage":"en-US","@id":"https:\/\/frenkel-associes.fr\/en\/#\/schema\/logo\/image\/","url":"https:\/\/frenkel-associes.fr\/wp-content\/uploads\/2017\/09\/logo.png","contentUrl":"https:\/\/frenkel-associes.fr\/wp-content\/uploads\/2017\/09\/logo.png","width":180,"height":155,"caption":"Frenkel et Associ\u00e9s"},"image":{"@id":"https:\/\/frenkel-associes.fr\/en\/#\/schema\/logo\/image\/"}}]}},"_links":{"self":[{"href":"https:\/\/frenkel-associes.fr\/en\/wp-json\/wp\/v2\/pages\/70"}],"collection":[{"href":"https:\/\/frenkel-associes.fr\/en\/wp-json\/wp\/v2\/pages"}],"about":[{"href":"https:\/\/frenkel-associes.fr\/en\/wp-json\/wp\/v2\/types\/page"}],"author":[{"embeddable":true,"href":"https:\/\/frenkel-associes.fr\/en\/wp-json\/wp\/v2\/users\/1"}],"replies":[{"embeddable":true,"href":"https:\/\/frenkel-associes.fr\/en\/wp-json\/wp\/v2\/comments?post=70"}],"version-history":[{"count":4,"href":"https:\/\/frenkel-associes.fr\/en\/wp-json\/wp\/v2\/pages\/70\/revisions"}],"predecessor-version":[{"id":465,"href":"https:\/\/frenkel-associes.fr\/en\/wp-json\/wp\/v2\/pages\/70\/revisions\/465"}],"wp:attachment":[{"href":"https:\/\/frenkel-associes.fr\/en\/wp-json\/wp\/v2\/media?parent=70"}],"curies":[{"name":"wp","href":"https:\/\/api.w.org\/{rel}","templated":true}]}}