{"id":24,"date":"2017-09-19T09:57:43","date_gmt":"2017-09-19T07:57:43","guid":{"rendered":"http:\/\/frenkel-associes.fr\/new\/?page_id=24"},"modified":"2024-03-25T11:35:09","modified_gmt":"2024-03-25T10:35:09","slug":"le-cabinet","status":"publish","type":"page","link":"https:\/\/frenkel-associes.fr\/fr\/","title":{"rendered":"Le cabinet"},"content":{"rendered":"<p>Cr\u00e9\u00e9 en 2003 par l\u2019un des meilleurs sp\u00e9cialistes du contentieux fiscal, Frenkel &amp; Associ\u00e9s est une association d\u2019Avocats au Barreau de Paris. Le Cabinet, reconnu pour son haut niveau d\u2019expertise, allie une grande exp\u00e9rience de la n\u00e9gociation avec l\u2019administration \u00e0 une pratique imaginative du contentieux. Il obtient r\u00e9guli\u00e8rement des d\u00e9cisions favorables des juridictions administratives et judiciaires et du Conseil Constitutionnel, depuis l\u2019entr\u00e9e en vigueur de la question prioritaire de constitutionnalit\u00e9.<\/p>\n<p>La client\u00e8le du Cabinet qui va du particulier aux grandes entreprises appr\u00e9cie sa petite dimension garante de la confidentialit\u00e9 de ses interventions, la totale disponibilit\u00e9 et la r\u00e9activit\u00e9 de ses membres, sa parfaite connaissance de l\u2019administration et son pragmatisme dans le r\u00e8glement des dossiers.<\/p>","protected":false},"excerpt":{"rendered":"<p>Cr\u00e9\u00e9 en 2003 par l\u2019un des meilleurs sp\u00e9cialistes du contentieux fiscal, Frenkel &amp; Associ\u00e9s est une association d\u2019Avocats au Barreau de Paris. Le Cabinet, reconnu pour son haut niveau d\u2019expertise, allie une grande exp\u00e9rience de la n\u00e9gociation avec l\u2019administration \u00e0 une pratique imaginative du contentieux. Il obtient r\u00e9guli\u00e8rement des d\u00e9cisions favorables des juridictions administratives et [&hellip;]<\/p>\n","protected":false},"author":1,"featured_media":0,"parent":0,"menu_order":0,"comment_status":"closed","ping_status":"closed","template":"","meta":[],"acf":[],"yoast_head":"<!-- This site is optimized with the Yoast SEO plugin v20.6 - https:\/\/yoast.com\/wordpress\/plugins\/seo\/ -->\n<title>Le cabinet - Frenkel et Associ\u00e9s<\/title>\n<meta name=\"robots\" content=\"index, follow, max-snippet:-1, max-image-preview:large, max-video-preview:-1\" \/>\n<link rel=\"canonical\" href=\"https:\/\/frenkel-associes.fr\/fr\/\" \/>\n<meta property=\"og:locale\" content=\"fr_FR\" \/>\n<meta property=\"og:type\" content=\"article\" \/>\n<meta property=\"og:title\" content=\"Le cabinet - Frenkel et Associ\u00e9s\" \/>\n<meta property=\"og:description\" content=\"Cr\u00e9\u00e9 en 2003 par l\u2019un des meilleurs sp\u00e9cialistes du contentieux fiscal, Frenkel &amp; Associ\u00e9s est une association d\u2019Avocats au Barreau de Paris. Le Cabinet, reconnu pour son haut niveau d\u2019expertise, allie une grande exp\u00e9rience de la n\u00e9gociation avec l\u2019administration \u00e0 une pratique imaginative du contentieux. Il obtient r\u00e9guli\u00e8rement des d\u00e9cisions favorables des juridictions administratives et [&hellip;]\" \/>\n<meta property=\"og:url\" content=\"https:\/\/frenkel-associes.fr\/fr\/\" \/>\n<meta property=\"og:site_name\" content=\"Frenkel et Associ\u00e9s\" \/>\n<meta property=\"article:modified_time\" content=\"2024-03-25T10:35:09+00:00\" \/>\n<meta property=\"og:image\" content=\"https:\/\/frenkel-associes.fr\/wp-content\/uploads\/2018\/05\/visuel-associe-full-1.jpg\" \/>\n\t<meta property=\"og:image:width\" content=\"1478\" \/>\n\t<meta property=\"og:image:height\" content=\"1000\" \/>\n\t<meta property=\"og:image:type\" content=\"image\/jpeg\" \/>\n<meta name=\"twitter:card\" content=\"summary_large_image\" \/>\n<meta name=\"twitter:label1\" content=\"Dur\u00e9e de lecture estim\u00e9e\" \/>\n\t<meta name=\"twitter:data1\" content=\"1 minute\" \/>\n<script type=\"application\/ld+json\" class=\"yoast-schema-graph\">{\"@context\":\"https:\/\/schema.org\",\"@graph\":[{\"@type\":\"WebPage\",\"@id\":\"https:\/\/frenkel-associes.fr\/fr\/\",\"url\":\"https:\/\/frenkel-associes.fr\/fr\/\",\"name\":\"Le cabinet - Frenkel et Associ\u00e9s\",\"isPartOf\":{\"@id\":\"https:\/\/frenkel-associes.fr\/fr\/#website\"},\"datePublished\":\"2017-09-19T07:57:43+00:00\",\"dateModified\":\"2024-03-25T10:35:09+00:00\",\"breadcrumb\":{\"@id\":\"https:\/\/frenkel-associes.fr\/fr\/#breadcrumb\"},\"inLanguage\":\"fr-FR\",\"potentialAction\":[{\"@type\":\"ReadAction\",\"target\":[[\"https:\/\/frenkel-associes.fr\/fr\/\"]]}]},{\"@type\":\"BreadcrumbList\",\"@id\":\"https:\/\/frenkel-associes.fr\/fr\/#breadcrumb\",\"itemListElement\":[{\"@type\":\"ListItem\",\"position\":1,\"name\":\"Accueil\",\"item\":\"https:\/\/frenkel-associes.fr\/fr\/\"},{\"@type\":\"ListItem\",\"position\":2,\"name\":\"Le cabinet\"}]},{\"@type\":\"WebSite\",\"@id\":\"https:\/\/frenkel-associes.fr\/fr\/#website\",\"url\":\"https:\/\/frenkel-associes.fr\/fr\/\",\"name\":\"Frenkel et Associ\u00e9s\",\"description\":\"Bienvenue sur le site officiel du cabinet d&#039;avocats Frenkel &amp; Associ\u00e9s\",\"publisher\":{\"@id\":\"https:\/\/frenkel-associes.fr\/fr\/#organization\"},\"potentialAction\":[{\"@type\":\"SearchAction\",\"target\":{\"@type\":\"EntryPoint\",\"urlTemplate\":\"https:\/\/frenkel-associes.fr\/fr\/?s={search_term_string}\"},\"query-input\":\"required name=search_term_string\"}],\"inLanguage\":\"fr-FR\"},{\"@type\":\"Organization\",\"@id\":\"https:\/\/frenkel-associes.fr\/fr\/#organization\",\"name\":\"Frenkel et Associ\u00e9s\",\"url\":\"https:\/\/frenkel-associes.fr\/fr\/\",\"logo\":{\"@type\":\"ImageObject\",\"inLanguage\":\"fr-FR\",\"@id\":\"https:\/\/frenkel-associes.fr\/fr\/#\/schema\/logo\/image\/\",\"url\":\"https:\/\/frenkel-associes.fr\/wp-content\/uploads\/2017\/09\/logo.png\",\"contentUrl\":\"https:\/\/frenkel-associes.fr\/wp-content\/uploads\/2017\/09\/logo.png\",\"width\":180,\"height\":155,\"caption\":\"Frenkel et Associ\u00e9s\"},\"image\":{\"@id\":\"https:\/\/frenkel-associes.fr\/fr\/#\/schema\/logo\/image\/\"}}]}<\/script>\n<!-- \/ Yoast SEO plugin. -->","yoast_head_json":{"title":"Le cabinet - Frenkel et Associ\u00e9s","robots":{"index":"index","follow":"follow","max-snippet":"max-snippet:-1","max-image-preview":"max-image-preview:large","max-video-preview":"max-video-preview:-1"},"canonical":"https:\/\/frenkel-associes.fr\/fr\/","og_locale":"fr_FR","og_type":"article","og_title":"Le cabinet - Frenkel et Associ\u00e9s","og_description":"Cr\u00e9\u00e9 en 2003 par l\u2019un des meilleurs sp\u00e9cialistes du contentieux fiscal, Frenkel &amp; Associ\u00e9s est une association d\u2019Avocats au Barreau de Paris. Le Cabinet, reconnu pour son haut niveau d\u2019expertise, allie une grande exp\u00e9rience de la n\u00e9gociation avec l\u2019administration \u00e0 une pratique imaginative du contentieux. Il obtient r\u00e9guli\u00e8rement des d\u00e9cisions favorables des juridictions administratives et [&hellip;]","og_url":"https:\/\/frenkel-associes.fr\/fr\/","og_site_name":"Frenkel et Associ\u00e9s","article_modified_time":"2024-03-25T10:35:09+00:00","og_image":[{"width":1478,"height":1000,"url":"https:\/\/frenkel-associes.fr\/wp-content\/uploads\/2018\/05\/visuel-associe-full-1.jpg","type":"image\/jpeg"}],"twitter_card":"summary_large_image","twitter_misc":{"Dur\u00e9e de lecture estim\u00e9e":"1 minute"},"schema":{"@context":"https:\/\/schema.org","@graph":[{"@type":"WebPage","@id":"https:\/\/frenkel-associes.fr\/fr\/","url":"https:\/\/frenkel-associes.fr\/fr\/","name":"Le cabinet - Frenkel et Associ\u00e9s","isPartOf":{"@id":"https:\/\/frenkel-associes.fr\/fr\/#website"},"datePublished":"2017-09-19T07:57:43+00:00","dateModified":"2024-03-25T10:35:09+00:00","breadcrumb":{"@id":"https:\/\/frenkel-associes.fr\/fr\/#breadcrumb"},"inLanguage":"fr-FR","potentialAction":[{"@type":"ReadAction","target":[["https:\/\/frenkel-associes.fr\/fr\/"]]}]},{"@type":"BreadcrumbList","@id":"https:\/\/frenkel-associes.fr\/fr\/#breadcrumb","itemListElement":[{"@type":"ListItem","position":1,"name":"Accueil","item":"https:\/\/frenkel-associes.fr\/fr\/"},{"@type":"ListItem","position":2,"name":"Le cabinet"}]},{"@type":"WebSite","@id":"https:\/\/frenkel-associes.fr\/fr\/#website","url":"https:\/\/frenkel-associes.fr\/fr\/","name":"Frenkel et Associ\u00e9s","description":"Bienvenue sur le site officiel du cabinet d&#039;avocats Frenkel &amp; Associ\u00e9s","publisher":{"@id":"https:\/\/frenkel-associes.fr\/fr\/#organization"},"potentialAction":[{"@type":"SearchAction","target":{"@type":"EntryPoint","urlTemplate":"https:\/\/frenkel-associes.fr\/fr\/?s={search_term_string}"},"query-input":"required name=search_term_string"}],"inLanguage":"fr-FR"},{"@type":"Organization","@id":"https:\/\/frenkel-associes.fr\/fr\/#organization","name":"Frenkel et Associ\u00e9s","url":"https:\/\/frenkel-associes.fr\/fr\/","logo":{"@type":"ImageObject","inLanguage":"fr-FR","@id":"https:\/\/frenkel-associes.fr\/fr\/#\/schema\/logo\/image\/","url":"https:\/\/frenkel-associes.fr\/wp-content\/uploads\/2017\/09\/logo.png","contentUrl":"https:\/\/frenkel-associes.fr\/wp-content\/uploads\/2017\/09\/logo.png","width":180,"height":155,"caption":"Frenkel et Associ\u00e9s"},"image":{"@id":"https:\/\/frenkel-associes.fr\/fr\/#\/schema\/logo\/image\/"}}]}},"_links":{"self":[{"href":"https:\/\/frenkel-associes.fr\/fr\/wp-json\/wp\/v2\/pages\/24"}],"collection":[{"href":"https:\/\/frenkel-associes.fr\/fr\/wp-json\/wp\/v2\/pages"}],"about":[{"href":"https:\/\/frenkel-associes.fr\/fr\/wp-json\/wp\/v2\/types\/page"}],"author":[{"embeddable":true,"href":"https:\/\/frenkel-associes.fr\/fr\/wp-json\/wp\/v2\/users\/1"}],"replies":[{"embeddable":true,"href":"https:\/\/frenkel-associes.fr\/fr\/wp-json\/wp\/v2\/comments?post=24"}],"version-history":[{"count":47,"href":"https:\/\/frenkel-associes.fr\/fr\/wp-json\/wp\/v2\/pages\/24\/revisions"}],"predecessor-version":[{"id":924,"href":"https:\/\/frenkel-associes.fr\/fr\/wp-json\/wp\/v2\/pages\/24\/revisions\/924"}],"wp:attachment":[{"href":"https:\/\/frenkel-associes.fr\/fr\/wp-json\/wp\/v2\/media?parent=24"}],"curies":[{"name":"wp","href":"https:\/\/api.w.org\/{rel}","templated":true}]}}